{"id":2295,"date":"2018-05-08T10:17:28","date_gmt":"2018-05-08T10:17:28","guid":{"rendered":"https:\/\/www.marcfosh.com\/cookie-policy\/"},"modified":"2018-05-08T13:56:54","modified_gmt":"2018-05-08T13:56:54","slug":"cookie-policy","status":"publish","type":"page","link":"https:\/\/www.marcfosh.com\/es\/cookie-policy\/","title":{"rendered":"Cookie Policy"},"content":{"rendered":"<p>[kc_row use_container=\u00bbyes\u00bb force=\u00bb__empty__\u00bb _id=\u00bb327854&#8243; cols_gap=\u00bb{`kc-css`:{}}\u00bb][kc_column width=\u00bb12\/12&#8243; video_mute=\u00bbno\u00bb _id=\u00bb951027&#8243;][kc_spacing height=\u00bb45px\u00bb _id=\u00bb470694&#8243;][kc_title text=\u00bbQ29va2llIFBvbGljeQ==\u00bb _id=\u00bb430728&#8243; type=\u00bbh1&#8243; css_custom=\u00bb{`kc-css`:{`any`:{`title-style`:{`font-family|+.kc_title,.kc_title,.kc_title a.kc_title_link`:`Raleway`,`font-size|+.kc_title,.kc_title,.kc_title a.kc_title_link`:`34px`,`font-weight|+.kc_title,.kc_title,.kc_title a.kc_title_link`:`300`,`text-align|+.kc_title,.kc_title,.kc_title a.kc_title_link`:`center`}}}}\u00bb][kc_divider style=\u00bb1&#8243; _id=\u00bb259929&#8243; css_custom=\u00bb{`kc-css`:{`any`:{`line`:{`border-color|.divider_inner`:`#000000`,`border-style|.divider_inner`:`solid`,`width|.divider_inner`:`100px`,`text-align|`:`center`}}}}\u00bb][kc_column_text _id=\u00bb561351&#8243;]<\/p>\n<p>El presente documento tiene por finalidad establecer la pol\u00edtica de uso de cookies de los sitios web de MARC FOSH, con domicilio en la CalleCarrer de la Missi\u00f3, 7A &#8211; 07003 Palma de Mallorca, Espa\u00f1a. Los T\u00e9rminos \u201cUsted\u00bb y \u201cUsuario\u00bb se emplean aqu\u00ed para referirse a todos los individuos y\/o entidades que por cualquier raz\u00f3n accedan a los sitios web de MARC FOSHo utilicen los servicios. La utilizaci\u00f3n de estos servicios, supondr\u00e1 la aceptaci\u00f3n plena y sin reservas de esta pol\u00edtica de uso de cookies.<\/p>\n<p>MARC FOSH podr\u00e1 recoger informaci\u00f3n a trav\u00e9s de archivos como cookies o ficheros log sobre la navegaci\u00f3n de los usuarios por los Sitio Web de su titularidad. Estos dispositivos se asocian exclusivamente a un \u00fanico usuario y su propio dispositivo de acceso. Las cookies son ficheros enviados por el sitio web y almacenados en el navegador del usuario por medio de un servidor web para el mantenimiento de la sesi\u00f3n de navegaci\u00f3n almacenando su direcci\u00f3n IP (de su ordenador) y otros posibles datos de navegaci\u00f3n. MARC FOSH tambi\u00e9n utiliza \u201cbeacons\u00bb o im\u00e1genes electr\u00f3nicas que permiten al sitio web contar el n\u00famero de visitantes y usuarios que han ingresado a un sitio web en particular y acceder a ciertas cookies. Gracias a las cookies, resulta posible que el servidor de MARC FOSH reconozca el navegador del ordenador utilizado por el usuario con la finalidad de que la navegaci\u00f3n sea m\u00e1s sencilla as\u00ed como para medir la audiencia y par\u00e1metros del tr\u00e1fico, controlar el progreso y n\u00famero de entradas, utiliz\u00e1ndose la informaci\u00f3n contenida en las cookies de forma desvinculada respecto de cualquier otro dato de car\u00e1cter personal que pudiera constar del usuario.<\/p>\n<p>MARC FOSH utiliza cookies para personalizar la navegaci\u00f3n del usuario por los Sitios Web de su titularidad, cookies de entrada de usuario y cookies de sesi\u00f3n para equilibrar la carga, las cuales est\u00e1n excluidas del \u00e1mbito de aplicaci\u00f3n del art\u00edculo 22.2 de la LSSI.<\/p>\n<p>MARC FOSH utiliza cookies de anal\u00edtica web para medir y analizar la navegaci\u00f3n de los usuarios en los Sitios Web. Las cookies de anal\u00edtica son aqu\u00e9llas que permiten al responsable de las mismas, el seguimiento y an\u00e1lisis del comportamiento de los usuarios de los sitios web a los que est\u00e9n vinculadas. MARC FOSH utiliza los datos obtenidos con el fin de introducir mejoras en funci\u00f3n del an\u00e1lisis de los datos de uso que hacen los usuarios. La anal\u00edtica web no permite obtener informaci\u00f3n sobre el nombre, apellidos o direcci\u00f3n de correo electr\u00f3nico o postal del usuario. La informaci\u00f3n obtenida es la relativa al n\u00famero de usuarios que acceden a la web, el n\u00famero de p\u00e1ginas vistas, la frecuencia y repetici\u00f3n de las visitas, su duraci\u00f3n, el navegador utilizado, el operador que presta el servicio, el idioma, el terminal utilizado o la ciudad a la que est\u00e1 asignada la direcci\u00f3n IP.<\/p>\n<p>MARC FOSH utiliza cookies de publicidad comportamental para la gesti\u00f3n de los espacios publicitarios en base a criterios determinados y cookies de complemento (plug-in) para intercambiar contenidos sociales. Las cookies de publicidad comportamental son aquellas que permiten la gesti\u00f3n de los espacios publicitarios que el editor del sitio web haya incluido en el mismo de la forma m\u00e1s eficaz posible. Estas cookies almacenan informaci\u00f3n del comportamiento de los usuarios obtenida a trav\u00e9s de la observaci\u00f3n continuada de sus h\u00e1bitos de navegaci\u00f3n, lo que permite mostrar publicidad en funci\u00f3n del mismo.<\/p>\n<p>En la siguiente tabla puede consultar las cookies utilizadas en los sitios web de MARC FOSH, la informaci\u00f3n obtenida por las mismas y su finalidad:<\/p>\n<table>\n<tbody>\n<tr>\n<td colspan=\"3\"><strong>Nuestras Cookies<\/strong><\/td>\n<\/tr>\n<tr>\n<td><strong>Categor\u00eda \/ Tipo<\/strong><\/td>\n<td><strong>Nombre de la cookie<\/strong><\/td>\n<td><strong>Prop\u00f3sito<\/strong><\/td>\n<\/tr>\n<tr>\n<td>Funcionamiento de la web<\/td>\n<td>DispoParams<\/td>\n<td>Almacena informaci\u00f3n necesaria para la b\u00fasqueda de disponibilidad.<\/td>\n<\/tr>\n<tr>\n<td>Funcionamiento de la web<\/td>\n<td>no_mostrar_banernew<\/td>\n<td>Evita que vuelva a aparecer el banner de informaci\u00f3n.<\/td>\n<\/tr>\n<tr>\n<td>Seguridad<\/td>\n<td>crsftoken<\/td>\n<td>Evita que terceros puedan realizar acciones en los sitios que hemos iniciado sesi\u00f3n sin nuestro conocimiento.<\/td>\n<\/tr>\n<tr>\n<td colspan=\"3\"><strong>Cookies de Terceros<\/strong><\/td>\n<\/tr>\n<tr>\n<td><strong>Categor\u00eda \/ Tipo<\/strong><\/td>\n<td><strong>Tercero<\/strong><\/td>\n<td><strong>Prop\u00f3sito \/ Informaci\u00f3n adicional<\/strong><\/td>\n<\/tr>\n<tr>\n<td>An\u00e1lisis del sitio<\/td>\n<td>Google<\/td>\n<td>Monitorizar la navegaci\u00f3n del usuario en la web con la finalidad de analizar el uso que se hace de la misma, detectar incidencias y mejorar la usabilidad.<\/td>\n<\/tr>\n<tr>\n<td>Gesti\u00f3n de favoritos y enlaces<\/td>\n<td>AddThis, Facebook, Google+, Twitter<\/td>\n<td>Permiten compartir enlaces en las redes sociales y sitios web m\u00e1s conocidos.<\/td>\n<\/tr>\n<tr>\n<td colspan=\"3\"><strong>Cookies de Terceros destinadas a marketing<\/strong><\/td>\n<\/tr>\n<tr>\n<td><strong>Categor\u00eda \/ Tipo<\/strong><\/td>\n<td><strong>Tercero<\/strong><\/td>\n<td><strong>Prop\u00f3sito \/ Informaci\u00f3n adicional<\/strong><\/td>\n<\/tr>\n<tr>\n<td>Marketing \u2013 Retargeting.<\/td>\n<td>Zanox, Ve Interactive, TripAdvisor<\/td>\n<td>Gesti\u00f3n de anuncios publicitarios con las mejores ofertas seg\u00fan las localidades en las que has estado buscando anteriormente.<\/td>\n<\/tr>\n<tr>\n<td>Marketing \u2013 Retargeting.<\/td>\n<td>Affilinet, Google Adwords. Sociomantic, TripAdvisor<\/td>\n<td>Monitorizar la efectividad de las campa\u00f1as publicitarias, para mostrar mensajes que sean relevantes.<\/td>\n<\/tr>\n<\/tbody>\n<\/table>\n<p>Para revocar el consentimiento otorgado, el usuario tiene la posibilidad de deshabilitar las cookies modificando la configuraci\u00f3n de su navegador. En los enlaces que se detallan a continuaci\u00f3n, el usuario encontrar\u00e1 m\u00e1s informaci\u00f3n sobre qu\u00e9 cookies tiene instaladas, c\u00f3mo permitir su instalaci\u00f3n, bloquearlas o eliminarlas de su equipo. Dependiendo de qu\u00e9 navegador utilice, el usuario podr\u00e1 dispone de los siguientes enlaces:<\/p>\n<p>Firefox:\u00a0<a href=\"http:\/\/support.mozilla.org\/es\/kb\/cookies-informacion-que-los-sitios-web-guardan-en-\" target=\"_blank\" rel=\"noopener\">http:\/\/support.mozilla.org\/es\/kb\/cookies-informacion-que-los-sitios-web-guardan-en-<\/a><\/p>\n<p>Chrome:\u00a0<a href=\"http:\/\/support.google.com\/chrome\/bin\/answer.py?hl=es&#038;answer=95647\" target=\"_blank\" rel=\"noopener\">http:\/\/support.google.com\/chrome\/bin\/answer.py?hl=es&#038;answer=95647<\/a><\/p>\n<p>Safari:\u00a0<a href=\"http:\/\/support.apple.com\/kb\/ph5042\" target=\"_blank\" rel=\"noopener\">http:\/\/support.apple.com\/kb\/ph5042<\/a><\/p>\n<p>Explorer:\u00a0<a href=\"http:\/\/windows.microsoft.com\/es-es\/windows7\/how-to-manage-cookies-in-internet-explorer-9\" target=\"_blank\" rel=\"noopener\">http:\/\/windows.microsoft.com\/es-es\/windows7\/how-to-manage-cookies-in-internet-explorer-9<\/a><\/p>\n<p>[\/kc_column_text][\/kc_column][\/kc_row][kc_row use_container=\u00bbyes\u00bb _id=\u00bb832046&#8243; css_custom=\u00bb{`kc-css`:{}}\u00bb cols_gap=\u00bb{`kc-css`:{`any`:{`group`:{`gap|.kc_column`:`0px`}}}}\u00bb force=\u00bb__empty__\u00bb][kc_column width=\u00bb12\/12&#8243; video_bg_url=\u00bbhttps:\/\/www.youtube.com\/watch?v=dOWFVKb2JqM\u00bb _id=\u00bb814496&#8243;][kc_spacing height=\u00bb25px\u00bb _id=\u00bb959639&#8243;][kc_column_text _id=\u00bb594525&#8243; css_custom=\u00bb{`kc-css`:{`any`:{`typography`:{`text-align|,p`:`center`}}}}\u00bb]<\/p>\n<p><a class=\"linksfooter\" href=\"https:\/\/www.marcfosh.com\/cookie-policy\/\">Pol\u00edtica de privacidad<\/a> \u00b7 <a class=\"linksfooter\" href=\"https:\/\/www.marcfosh.com\/cookie-policy\/\">Cookies<\/a> \u00b7 <a class=\"linksfooter\" href=\"https:\/\/www.marcfosh.com\/cookie-policy\/\">Pol\u00edtica RRSS<\/a><\/p>\n<p>[\/kc_column_text][kc_spacing height=\u00bb45px\u00bb _id=\u00bb577167&#8243;][\/kc_column][\/kc_row]<\/p>\n","protected":false},"excerpt":{"rendered":"<p>[kc_row use_container=\u00bbyes\u00bb force=\u00bb__empty__\u00bb _id=\u00bb327854&#8243; cols_gap=\u00bb{`kc-css`:{}}\u00bb][kc_column width=\u00bb12\/12&#8243; video_mute=\u00bbno\u00bb _id=\u00bb951027&#8243;][kc_spacing height=\u00bb45px\u00bb _id=\u00bb470694&#8243;][kc_title text=\u00bbQ29va2llIFBvbGljeQ==\u00bb _id=\u00bb430728&#8243; type=\u00bbh1&#8243; css_custom=\u00bb{`kc-css`:{`any`:{`title-style`:{`font-family|+.kc_title,.kc_title,.kc_title a.kc_title_link`:`Raleway`,`font-size|+.kc_title,.kc_title,.kc_title a.kc_title_link`:`34px`,`font-weight|+.kc_title,.kc_title,.kc_title a.kc_title_link`:`300`,`text-align|+.kc_title,.kc_title,.kc_title a.kc_title_link`:`center`}}}}\u00bb][kc_divider style=\u00bb1&#8243; _id=\u00bb259929&#8243; css_custom=\u00bb{`kc-css`:{`any`:{`line`:{`border-color|.divider_inner`:`#000000`,`border-style|.divider_inner`:`solid`,`width|.divider_inner`:`100px`,`text-align|`:`center`}}}}\u00bb][kc_column_text _id=\u00bb561351&#8243;] El presente documento tiene por finalidad establecer la pol\u00edtica de uso de cookies de los sitios web de MARC FOSH, con domicilio en la CalleCarrer de la Missi\u00f3, 7A &#8211; 07003 Palma de [&hellip;]<\/p>\n","protected":false},"author":1,"featured_media":0,"parent":0,"menu_order":0,"comment_status":"closed","ping_status":"closed","template":"homepage-onepage.php","meta":{"footnotes":""},"_links":{"self":[{"href":"https:\/\/www.marcfosh.com\/es\/wp-json\/wp\/v2\/pages\/2295"}],"collection":[{"href":"https:\/\/www.marcfosh.com\/es\/wp-json\/wp\/v2\/pages"}],"about":[{"href":"https:\/\/www.marcfosh.com\/es\/wp-json\/wp\/v2\/types\/page"}],"author":[{"embeddable":true,"href":"https:\/\/www.marcfosh.com\/es\/wp-json\/wp\/v2\/users\/1"}],"replies":[{"embeddable":true,"href":"https:\/\/www.marcfosh.com\/es\/wp-json\/wp\/v2\/comments?post=2295"}],"version-history":[{"count":0,"href":"https:\/\/www.marcfosh.com\/es\/wp-json\/wp\/v2\/pages\/2295\/revisions"}],"wp:attachment":[{"href":"https:\/\/www.marcfosh.com\/es\/wp-json\/wp\/v2\/media?parent=2295"}],"curies":[{"name":"wp","href":"https:\/\/api.w.org\/{rel}","templated":true}]}}