{"id":2290,"date":"2017-05-10T08:20:23","date_gmt":"2017-05-10T08:20:23","guid":{"rendered":"https:\/\/www.marcfosh.com\/reservas\/"},"modified":"2025-06-23T12:13:52","modified_gmt":"2025-06-23T12:13:52","slug":"reservas","status":"publish","type":"page","link":"https:\/\/www.marcfosh.com\/de\/reservas\/","title":{"rendered":"Reservas"},"content":{"rendered":"<style type=\"text\/css\">@media only screen and (min-width: 1000px) and (max-width: 5000px){body.kc-css-system .kc-css-608986{width: 20.05%;}body.kc-css-system .kc-css-507335{width: 59.59%;}body.kc-css-system .kc-css-1247563{width: 20.34%;}}body.kc-css-system .kc-css-507335{margin-top: 20px;}<\/style>\n<section class=\"kc-elm kc-css-1685816 kc_row\">\n<div class=\"kc-row-container  kc-container\">\n<div class=\"kc-wrap-columns\">\n<div class=\"kc-elm kc-css-608986 kc_col-of-5 kc_column kc_col-of-5\">\n<div class=\"kc-col-container\">\n<div class=\"kc-elm kc-css-1006525 kc_text_block\">\n<p><a href=\"https:\/\/www.marcfosh.com\" class=\"backtoweb\">\u00ab back to web<\/a><\/p>\n<\/div>\n<\/div>\n<\/div>\n<div class=\"kc-elm kc-css-507335 kc_col-sm-7 kc_column kc_col-sm-7\">\n<div class=\"kc-col-container\">\n<div data-closeall=\"true\" class=\"kc-elm kc-css-1861608 kc_accordion_wrapper\">\n<div class=\"kc-elm kc-css-855833 kc_accordion_section group \">\n<h3 class=\"kc_accordion_header ui-accordion-header\"><span class=\"ui-accordion-header-icon ui-icon\"><\/span><a href=\"#reservierungsbedingungen\" data-prevent=\"scroll\"><i class=\"\"><\/i> Reservierungsbedingungen<\/a><\/h3>\n<div class=\"kc_accordion_content ui-accordion-content kc_clearfix\">\n<div class=\"kc-panel-body\">\n<div class=\"kc-elm kc-css-3501757 kc_text_block\">\n<p>Bitte nehmen Sie zur Notiz dass wir Sie 24 &#8211; 48 Stunden vor Ihrer Buchung via Email oder Telefon kontaktieren, um Ihre Reservierung zu best\u00e4tigen.<\/p>\n<p>Wenn Sie Ihre Reservierung bis 12 Stunden vor der Buchung nicht best\u00e4tigt haben, behalten wir uns das Recht vor, die Reservierung zu stornieren und den Tisch weiter zu verkaufen.<br \/>Bitte informieren Sie uns \u00fcber Allergien zum Zeitpunkt Ihrer Reservierung.<\/p>\n<p>Um einen Tisch f\u00fcr 3 oder mehr Personen zu buchen, ben\u00f6tigen wir als Garantie eine Kreditkarte. Bei Nicht Erscheinen ohne Stornierungsschreiben erheben wir einen Geb\u00fchr von 50 Euro pro Person.<br \/>Sie k\u00f6nnen uns direct per email unter info@marcfosh.com kontaktieren<br \/>Oder rufen Sie uns an:<br \/>Im B\u00fcro<br \/>Montag- Freitag von 9.00 Uhr \u2013 17.00 Uhr unter 0034 608 757 639 und<br \/>0034 971 717 611<br \/>Im Restaurant<br \/>Montag- Sonntag von 12.00 Uhr- 22.00 Uhr unter 0034 971 720 114<\/p>\n<\/div>\n<\/div>\n<\/div>\n<\/div>\n<\/div>\n<div class=\"kc-elm kc-css-2812584 kc_text_block\">\n<p><strong>Alle Reservierungen und Buchungsanfragen m\u00fcssen durch eine Kreditkarte garantiert werden, um akzeptiert zu werden.<\/strong><\/p>\n<p>\u00b7 Bitte beacthen Sie: Marc Fosh Restaurant ist in dem Adults only Hotel Convent de la Missi\u00f3 untergebracht, welches keine kinder unter 16 Jahren zul\u00e4sst<br \/>\u00b7 Reservierungen bis maximal 6 Personen<br \/>\u00b7 <strong>Haustiere<\/strong> im Restaurant <strong>nicht gestattet sind<\/strong>.<br \/>\u00b7 Bei Anfr\u00e4gen f\u00fcr Gruppen ab 7 Personen schreiben Sie bitte eine mail an <a href=\"mailto:raquel@marcfosh.com\">raquel@marcfosh.com<\/a><\/p>\n<\/div>\n<\/div>\n<\/div>\n<div class=\"kc-elm kc-css-1247563 kc_col-of-5 kc_column kc_col-of-5\">\n<div class=\"kc-col-container\"><\/div>\n<\/div>\n<\/div>\n<\/div>\n<\/section>\n","protected":false},"excerpt":{"rendered":"<p>\u00ab back to web Reservierungsbedingungen Bitte nehmen Sie zur Notiz dass wir Sie 24 &#8211; 48 Stunden vor Ihrer Buchung via Email oder Telefon kontaktieren, um Ihre Reservierung zu best\u00e4tigen. Wenn Sie Ihre Reservierung bis 12 Stunden vor der Buchung nicht best\u00e4tigt haben, behalten wir uns das Recht vor, die Reservierung zu stornieren und den [&hellip;]<\/p>\n","protected":false},"author":1,"featured_media":0,"parent":0,"menu_order":0,"comment_status":"closed","ping_status":"closed","template":"","meta":{"footnotes":""},"_links":{"self":[{"href":"https:\/\/www.marcfosh.com\/de\/wp-json\/wp\/v2\/pages\/2290"}],"collection":[{"href":"https:\/\/www.marcfosh.com\/de\/wp-json\/wp\/v2\/pages"}],"about":[{"href":"https:\/\/www.marcfosh.com\/de\/wp-json\/wp\/v2\/types\/page"}],"author":[{"embeddable":true,"href":"https:\/\/www.marcfosh.com\/de\/wp-json\/wp\/v2\/users\/1"}],"replies":[{"embeddable":true,"href":"https:\/\/www.marcfosh.com\/de\/wp-json\/wp\/v2\/comments?post=2290"}],"version-history":[{"count":16,"href":"https:\/\/www.marcfosh.com\/de\/wp-json\/wp\/v2\/pages\/2290\/revisions"}],"predecessor-version":[{"id":4863,"href":"https:\/\/www.marcfosh.com\/de\/wp-json\/wp\/v2\/pages\/2290\/revisions\/4863"}],"wp:attachment":[{"href":"https:\/\/www.marcfosh.com\/de\/wp-json\/wp\/v2\/media?parent=2290"}],"curies":[{"name":"wp","href":"https:\/\/api.w.org\/{rel}","templated":true}]}}